{"id":383,"date":"2023-04-19T16:15:15","date_gmt":"2023-04-19T16:15:15","guid":{"rendered":"https:\/\/hplusd.de\/dados-tecnicos-privacidade-e-protecao-de-dados\/"},"modified":"2023-06-19T16:07:38","modified_gmt":"2023-06-19T16:07:38","slug":"dados-tecnicos-privacidade-e-protecao-de-dados","status":"publish","type":"page","link":"https:\/\/hplusd.de\/pt-pt\/dados-tecnicos-privacidade-e-protecao-de-dados\/","title":{"rendered":"DADOS T\u00c9CNICOS\/PRIVACIDADE E PROTE\u00c7\u00c3O DE DADOS"},"content":{"rendered":"\t\t<div data-elementor-type=\"wp-page\" data-elementor-id=\"383\" class=\"elementor elementor-383 elementor-3\">\n\t\t\t\t\t\t<section class=\"elementor-section elementor-top-section elementor-element elementor-element-868c28a elementor-section-boxed elementor-section-height-default elementor-section-height-default\" data-id=\"868c28a\" data-element_type=\"section\">\n\t\t\t\t\t\t<div class=\"elementor-container elementor-column-gap-default\">\n\t\t\t\t\t<div class=\"elementor-column elementor-col-100 elementor-top-column elementor-element elementor-element-ae9ef4a\" data-id=\"ae9ef4a\" data-element_type=\"column\">\n\t\t\t<div class=\"elementor-widget-wrap elementor-element-populated\">\n\t\t\t\t\t\t<div class=\"elementor-element elementor-element-5a42f32 elementor-widget elementor-widget-text-editor\" data-id=\"5a42f32\" data-element_type=\"widget\" data-widget_type=\"text-editor.default\">\n\t\t\t\t<div class=\"elementor-widget-container\">\n\t\t\t\t\t\t\t\t\t<h4><a href=\"#\">DADOS T\u00c9CNICOS\/PRIVACIDADE E PROTE\u00c7\u00c3O DE DADOS<\/a><\/h4>\n\t\t\t\t\t\t\t\t<\/div>\n\t\t\t\t<\/div>\n\t\t\t\t\t<\/div>\n\t\t<\/div>\n\t\t\t\t\t<\/div>\n\t\t<\/section>\n\t\t\t\t<section class=\"elementor-section elementor-top-section elementor-element elementor-element-8186d36 elementor-section-boxed elementor-section-height-default elementor-section-height-default\" data-id=\"8186d36\" data-element_type=\"section\">\n\t\t\t\t\t\t<div class=\"elementor-container elementor-column-gap-default\">\n\t\t\t\t\t<div class=\"elementor-column elementor-col-100 elementor-top-column elementor-element elementor-element-f912a4a\" data-id=\"f912a4a\" data-element_type=\"column\">\n\t\t\t<div class=\"elementor-widget-wrap elementor-element-populated\">\n\t\t\t\t\t\t<div class=\"elementor-element elementor-element-77ddb8b elementor-widget elementor-widget-text-editor\" data-id=\"77ddb8b\" data-element_type=\"widget\" data-widget_type=\"text-editor.default\">\n\t\t\t\t<div class=\"elementor-widget-container\">\n\t\t\t\t\t\t\t\t\t<p>Respons\u00e1veis de acordo com as leis de prote\u00e7\u00e3o de dados s\u00e3o:<\/p>\n<p><strong>Anette Dirauf, Christina H\u00f6schle<\/strong><\/p>\n<p>H\u00f6schle + Dirauf, \u00dcbersetzer und Dolmetscher, Partnerschaftsgesellschaft<br \/>M\u00e4rzgasse 18 <br \/>D-69117 Heidelberg<\/p>\n<p>Tel: +49_6221_163154<\/p>\n<p><b>Fotografia: <\/b>Christian Buck <br \/><b>Web design<\/b>: pixel2point.com<\/p>\n<h5>Coleta de informa\u00e7\u00f5es gerais<\/h5>\n<p>Quando voc\u00ea acessa nosso site, automaticamente s\u00e3o coletadas informa\u00e7\u00f5es de natureza geral. Essas informa\u00e7\u00f5es (arquivos de log do servidor) incluem, por exemplo, o tipo de navegador da web, o sistema operacional utilizado, o nome de dom\u00ednio do seu provedor de servi\u00e7os de internet e informa\u00e7\u00f5es similares. Trata-se exclusivamente de informa\u00e7\u00f5es que n\u00e3o permitem conclus\u00f5es sobre sua pessoa. Essas informa\u00e7\u00f5es s\u00e3o tecnicamente necess\u00e1rias para fornecer os conte\u00fados das p\u00e1ginas da web solicitadas por voc\u00ea de forma correta e s\u00e3o obrigat\u00f3rias ao usar a internet. Informa\u00e7\u00f5es an\u00f4nimas desse tipo s\u00e3o avaliadas estatisticamente por n\u00f3s para otimizar nossa presen\u00e7a na internet e a tecnologia por tr\u00e1s dela.<\/p>\n<\/p>\n<h5>Seus direitos a informa\u00e7\u00e3o, corre\u00e7\u00e3o, bloqueio, exclus\u00e3o e revoga\u00e7\u00e3o<\/h5>\n<p>Voc\u00ea tem o direito de solicitar informa\u00e7\u00f5es sobre quais dados pessoais seus est\u00e3o armazenados conosco a qualquer momento. Da mesma forma, voc\u00ea tem o direito de solicitar a corre\u00e7\u00e3o, o bloqueio e a exclus\u00e3o de seus dados pessoais, salvo quando o armazenamento de dados \u00e9 obrigat\u00f3rio para fins de transa\u00e7\u00f5es comerciais. Para isso, entre em contato com nosso respons\u00e1vel pela prote\u00e7\u00e3o de dados. Os dados para contato encontram-se abaixo.<\/p>\n<p>Para que um bloqueio de dados possa ser considerado a qualquer momento, esses dados devem ser retidos em um arquivo de bloqueio para fins de controle. Voc\u00ea tamb\u00e9m pode solicitar a exclus\u00e3o dos dados, desde que n\u00e3o haja qualquer obriga\u00e7\u00e3o legal de arquivamento. Se houver tal obriga\u00e7\u00e3o, bloquearemos seus dados mediante solicita\u00e7\u00e3o.<\/p>\n<p>Voc\u00ea pode fazer altera\u00e7\u00f5es ou revogar o seu consentimento para o processamento de seus dados pessoais no futuro, enviando-nos uma comunica\u00e7\u00e3o correspondente.<\/p>\n<\/p>\n<h5>Altera\u00e7\u00e3o de nossa pol\u00edtica de privacidade<\/h5>\n<p>Reservamo-nos o direito de adaptar ocasionalmente esta declara\u00e7\u00e3o de prote\u00e7\u00e3o de dados para que ela atenda sempre aos requisitos legais atuais ou para implementar altera\u00e7\u00f5es de nossos servi\u00e7os na declara\u00e7\u00e3o de prote\u00e7\u00e3o de dados. Por exemplo, como no caso da introdu\u00e7\u00e3o de novos servi\u00e7os. Para a sua pr\u00f3xima visita, ser\u00e1 aplicada a nova declara\u00e7\u00e3o de prote\u00e7\u00e3o de dados.<\/p>\n<\/p>\n<h5>Perguntas ao respons\u00e1vel pela prote\u00e7\u00e3o de dados<\/h5>\n<p>Se voc\u00ea tiver alguma d\u00favida sobre prote\u00e7\u00e3o de dados, envie-nos um e-mail ou entre em contato diretamente com nosso respons\u00e1vel pela prote\u00e7\u00e3o de dados:<\/p>\n<p>Dados para contato: <a href=\"mailto:info@hplusd.de\">info@hplusd.de<\/a><\/p>\n<\/p>\n<p>A declara\u00e7\u00e3o de prote\u00e7\u00e3o de dados foi criada com o gerador de declara\u00e7\u00e3o de prote\u00e7\u00e3o de dados da activeMind AG.<\/p>\n\t\t\t\t\t\t\t\t<\/div>\n\t\t\t\t<\/div>\n\t\t\t\t\t<\/div>\n\t\t<\/div>\n\t\t\t\t\t<\/div>\n\t\t<\/section>\n\t\t\t\t<\/div>\n\t\t","protected":false},"excerpt":{"rendered":"<p>DADOS T\u00c9CNICOS\/PRIVACIDADE E PROTE\u00c7\u00c3O DE DADOS Respons\u00e1veis de acordo com as leis de prote\u00e7\u00e3o de dados s\u00e3o: Anette Dirauf, Christina H\u00f6schle H\u00f6schle + Dirauf, \u00dcbersetzer und Dolmetscher, PartnerschaftsgesellschaftM\u00e4rzgasse 18 D-69117 Heidelberg Tel: +49_6221_163154 Fotografia: Christian Buck Web design: pixel2point.com Coleta de informa\u00e7\u00f5es gerais Quando voc\u00ea acessa nosso site, automaticamente s\u00e3o coletadas informa\u00e7\u00f5es de natureza geral. [&hellip;]<\/p>\n","protected":false},"author":1,"featured_media":0,"parent":0,"menu_order":0,"comment_status":"closed","ping_status":"open","template":"","meta":{"footnotes":""},"class_list":["post-383","page","type-page","status-publish","hentry"],"_links":{"self":[{"href":"https:\/\/hplusd.de\/pt-pt\/wp-json\/wp\/v2\/pages\/383","targetHints":{"allow":["GET"]}}],"collection":[{"href":"https:\/\/hplusd.de\/pt-pt\/wp-json\/wp\/v2\/pages"}],"about":[{"href":"https:\/\/hplusd.de\/pt-pt\/wp-json\/wp\/v2\/types\/page"}],"author":[{"embeddable":true,"href":"https:\/\/hplusd.de\/pt-pt\/wp-json\/wp\/v2\/users\/1"}],"replies":[{"embeddable":true,"href":"https:\/\/hplusd.de\/pt-pt\/wp-json\/wp\/v2\/comments?post=383"}],"version-history":[{"count":0,"href":"https:\/\/hplusd.de\/pt-pt\/wp-json\/wp\/v2\/pages\/383\/revisions"}],"wp:attachment":[{"href":"https:\/\/hplusd.de\/pt-pt\/wp-json\/wp\/v2\/media?parent=383"}],"curies":[{"name":"wp","href":"https:\/\/api.w.org\/{rel}","templated":true}]}}