{"id":366,"date":"2023-04-19T14:54:58","date_gmt":"2023-04-19T14:54:58","guid":{"rendered":"https:\/\/hplusd.de\/hoeschle-dirauf\/"},"modified":"2023-06-19T16:04:37","modified_gmt":"2023-06-19T16:04:37","slug":"hoeschle-dirauf","status":"publish","type":"page","link":"https:\/\/hplusd.de\/pt-pt\/","title":{"rendered":"H\u00d6SCHLE + DIRAUF"},"content":{"rendered":"\t\t<div data-elementor-type=\"wp-page\" data-elementor-id=\"366\" class=\"elementor elementor-366 elementor-9\">\n\t\t\t\t\t\t<section class=\"elementor-section elementor-top-section elementor-element elementor-element-d8f8167 elementor-section-height-full elementor-section-content-bottom elementor-section-full_width elementor-section-height-default elementor-section-items-middle\" data-id=\"d8f8167\" data-element_type=\"section\" data-settings=\"{&quot;background_background&quot;:&quot;classic&quot;}\">\n\t\t\t\t\t\t<div class=\"elementor-container elementor-column-gap-default\">\n\t\t\t\t\t<div class=\"elementor-column elementor-col-100 elementor-top-column elementor-element elementor-element-43820b8\" data-id=\"43820b8\" data-element_type=\"column\">\n\t\t\t<div class=\"elementor-widget-wrap elementor-element-populated\">\n\t\t\t\t\t\t<div class=\"elementor-element elementor-element-894632c elementor-widget elementor-widget-heading\" data-id=\"894632c\" data-element_type=\"widget\" data-widget_type=\"heading.default\">\n\t\t\t\t<div class=\"elementor-widget-container\">\n\t\t\t\t\t<h2 class=\"elementor-heading-title elementor-size-default\">H\u00f6schle + Dirauf<\/h2>\t\t\t\t<\/div>\n\t\t\t\t<\/div>\n\t\t\t\t<div class=\"elementor-element elementor-element-8eb503d elementor-invisible elementor-widget elementor-widget-text-editor\" data-id=\"8eb503d\" data-element_type=\"widget\" data-settings=\"{&quot;_animation&quot;:&quot;fadeIn&quot;,&quot;_animation_delay&quot;:100}\" data-widget_type=\"text-editor.default\">\n\t\t\t\t<div class=\"elementor-widget-container\">\n\t\t\t\t\t\t\t\t\t<h5 style=\"text-align: center;\">Tradutores e Int\u00e9rpretes<\/h5>\n\t\t\t\t\t\t\t\t<\/div>\n\t\t\t\t<\/div>\n\t\t\t\t\t<\/div>\n\t\t<\/div>\n\t\t\t\t\t<\/div>\n\t\t<\/section>\n\t\t\t\t<section class=\"elementor-section elementor-top-section elementor-element elementor-element-6f83bd6 elementor-section-boxed elementor-section-height-default elementor-section-height-default\" data-id=\"6f83bd6\" data-element_type=\"section\">\n\t\t\t\t\t\t<div class=\"elementor-container elementor-column-gap-default\">\n\t\t\t\t\t<div class=\"elementor-column elementor-col-100 elementor-top-column elementor-element elementor-element-ab0bfff\" data-id=\"ab0bfff\" data-element_type=\"column\">\n\t\t\t<div class=\"elementor-widget-wrap elementor-element-populated\">\n\t\t\t\t\t\t<div class=\"elementor-element elementor-element-e475f81 elementor-widget elementor-widget-text-editor\" data-id=\"e475f81\" data-element_type=\"widget\" data-widget_type=\"text-editor.default\">\n\t\t\t\t<div class=\"elementor-widget-container\">\n\t\t\t\t\t\t\t\t\t<h5>Linguagem \u00e9 composta por palavras. As palavras d\u00e3o origem \u00e0 comunica\u00e7\u00e3o.<\/h5>\n<p>A transfer\u00eancia significativa de palavras e contextos para outros idiomas e culturas \u00e9 nossa compet\u00eancia e nossa paix\u00e3o &#8211; desde a localiza\u00e7\u00e3o de software at\u00e9 a documenta\u00e7\u00e3o t\u00e9cnica e a tradu\u00e7\u00e3o de marketing.<\/p>\n<p>Temos um envolvimento especial com a l\u00edngua portuguesa &#8211; tanto na sua variante europeia quanto brasileira &#8211; mas tamb\u00e9m os idiomas alem\u00e3o, franc\u00eas, ingl\u00eas e italiano fazem parte de nosso portf\u00f3lio.<\/p>\n\t\t\t\t\t\t\t\t<\/div>\n\t\t\t\t<\/div>\n\t\t\t\t\t<\/div>\n\t\t<\/div>\n\t\t\t\t\t<\/div>\n\t\t<\/section>\n\t\t\t\t<section class=\"elementor-section elementor-top-section elementor-element elementor-element-75fbe27 elementor-section-boxed elementor-section-height-default elementor-section-height-default\" data-id=\"75fbe27\" data-element_type=\"section\" data-settings=\"{&quot;background_background&quot;:&quot;classic&quot;}\">\n\t\t\t\t\t\t<div class=\"elementor-container elementor-column-gap-default\">\n\t\t\t\t\t<div class=\"elementor-column elementor-col-100 elementor-top-column elementor-element elementor-element-6febc97\" data-id=\"6febc97\" data-element_type=\"column\">\n\t\t\t<div class=\"elementor-widget-wrap elementor-element-populated\">\n\t\t\t\t\t\t<div class=\"elementor-element elementor-element-90d463c elementor-widget elementor-widget-menu-anchor\" data-id=\"90d463c\" data-element_type=\"widget\" data-widget_type=\"menu-anchor.default\">\n\t\t\t\t<div class=\"elementor-widget-container\">\n\t\t\t\t\t\t\t<div class=\"elementor-menu-anchor\" id=\"services\"><\/div>\n\t\t\t\t\t\t<\/div>\n\t\t\t\t<\/div>\n\t\t\t\t<div class=\"elementor-element elementor-element-7aacf85 elementor-widget elementor-widget-text-editor\" data-id=\"7aacf85\" data-element_type=\"widget\" data-widget_type=\"text-editor.default\">\n\t\t\t\t<div class=\"elementor-widget-container\">\n\t\t\t\t\t\t\t\t\t<h4>SERVI\u00c7OS<\/h4>\n\t\t\t\t\t\t\t\t<\/div>\n\t\t\t\t<\/div>\n\t\t\t\t\t<\/div>\n\t\t<\/div>\n\t\t\t\t\t<\/div>\n\t\t<\/section>\n\t\t\t\t<section class=\"elementor-section elementor-top-section elementor-element elementor-element-81657e7 elementor-section-height-min-height elementor-section-boxed elementor-section-height-default elementor-section-items-middle\" data-id=\"81657e7\" data-element_type=\"section\" data-settings=\"{&quot;background_background&quot;:&quot;classic&quot;}\">\n\t\t\t\t\t\t\t<div class=\"elementor-background-overlay\"><\/div>\n\t\t\t\t\t\t\t<div class=\"elementor-container elementor-column-gap-default\">\n\t\t\t\t\t<div class=\"elementor-column elementor-col-100 elementor-top-column elementor-element elementor-element-2e42711\" data-id=\"2e42711\" data-element_type=\"column\" data-settings=\"{&quot;background_background&quot;:&quot;classic&quot;}\">\n\t\t\t<div class=\"elementor-widget-wrap elementor-element-populated\">\n\t\t\t\t\t\t<div class=\"elementor-element elementor-element-034b392 elementor-widget elementor-widget-text-editor\" data-id=\"034b392\" data-element_type=\"widget\" data-widget_type=\"text-editor.default\">\n\t\t\t\t<div class=\"elementor-widget-container\">\n\t\t\t\t\t\t\t\t\t<h5>Nosso foco est\u00e1 na localiza\u00e7\u00e3o de software e conte\u00fado da web, bem como em tradu\u00e7\u00f5es e interpreta\u00e7\u00f5es para diversos setores industriais.<\/h5><\/p>\n\t\t\t\t\t\t\t\t<\/div>\n\t\t\t\t<\/div>\n\t\t\t\t<section class=\"elementor-section elementor-inner-section elementor-element elementor-element-74baca8 elementor-section-boxed elementor-section-height-default elementor-section-height-default\" data-id=\"74baca8\" data-element_type=\"section\">\n\t\t\t\t\t\t<div class=\"elementor-container elementor-column-gap-default\">\n\t\t\t\t\t<div class=\"elementor-column elementor-col-33 elementor-inner-column elementor-element elementor-element-36c4fed\" data-id=\"36c4fed\" data-element_type=\"column\" data-settings=\"{&quot;background_background&quot;:&quot;classic&quot;}\">\n\t\t\t<div class=\"elementor-widget-wrap elementor-element-populated\">\n\t\t\t\t\t\t<div class=\"elementor-element elementor-element-6b8ea2c elementor-widget elementor-widget-text-editor\" data-id=\"6b8ea2c\" data-element_type=\"widget\" data-widget_type=\"text-editor.default\">\n\t\t\t\t<div class=\"elementor-widget-container\">\n\t\t\t\t\t\t\t\t\t<p><strong>Tradu\u00e7\u00f5es SAP<\/strong><\/p>\n<p>Como parceiros de tradu\u00e7\u00e3o da <strong>SAP para o portugu\u00eas<\/strong> h\u00e1 quase 30 anos, estamos familiarizados com a terminologia especializada e as ferramentas de tradu\u00e7\u00e3o da SAP. <br \/>Um profundo conhecimento da <strong>transa\u00e7\u00e3o SE63<\/strong>, <strong>acesso ao SAPTERM e aos guias de estilo da SAP<\/strong> s\u00e3o requisitos essenciais para uma implementa\u00e7\u00e3o bem-sucedida dos conte\u00fados altamente complexos em outros idiomas.<\/p>\n\t\t\t\t\t\t\t\t<\/div>\n\t\t\t\t<\/div>\n\t\t\t\t\t<\/div>\n\t\t<\/div>\n\t\t\t\t<div class=\"elementor-column elementor-col-33 elementor-inner-column elementor-element elementor-element-36a1b61\" data-id=\"36a1b61\" data-element_type=\"column\" data-settings=\"{&quot;background_background&quot;:&quot;classic&quot;}\">\n\t\t\t<div class=\"elementor-widget-wrap elementor-element-populated\">\n\t\t\t\t\t\t<div class=\"elementor-element elementor-element-5911ba3 elementor-widget elementor-widget-text-editor\" data-id=\"5911ba3\" data-element_type=\"widget\" data-widget_type=\"text-editor.default\">\n\t\t\t\t<div class=\"elementor-widget-container\">\n\t\t\t\t\t\t\t\t\t<p><strong>O que oferecemos <\/strong><\/p>\n<p><b>Localiza\u00e7\u00e3o<\/b> de software e conte\u00fado da web, tradu\u00e7\u00f5es t\u00e9cnicas das \u00e1reas <strong>automotiva, jur\u00eddica, de TI e tecnologia<\/strong>, revis\u00e3o de textos, tradu\u00e7\u00f5es de marketing, cria\u00e7\u00e3o e manuten\u00e7\u00e3o de bancos de dados terminol\u00f3gicos, tradu\u00e7\u00f5es juramentadas de documentos e interpreta\u00e7\u00f5es para autoridades e institui\u00e7\u00f5es.<\/p>\n\t\t\t\t\t\t\t\t<\/div>\n\t\t\t\t<\/div>\n\t\t\t\t\t<\/div>\n\t\t<\/div>\n\t\t\t\t<div class=\"elementor-column elementor-col-33 elementor-inner-column elementor-element elementor-element-61d31b0\" data-id=\"61d31b0\" data-element_type=\"column\" data-settings=\"{&quot;background_background&quot;:&quot;classic&quot;}\">\n\t\t\t<div class=\"elementor-widget-wrap elementor-element-populated\">\n\t\t\t\t\t\t<div class=\"elementor-element elementor-element-b287f12 elementor-widget elementor-widget-text-editor\" data-id=\"b287f12\" data-element_type=\"widget\" data-widget_type=\"text-editor.default\">\n\t\t\t\t<div class=\"elementor-widget-container\">\n\t\t\t\t\t\t\t\t\t<p><strong>Nossos processos<\/strong><\/p>\n<p>Para garantir alta efici\u00eancia e consist\u00eancia terminol\u00f3gica, utilizamos as ferramentas de tradu\u00e7\u00e3o reconhecidas e integramos as <strong>especifica\u00e7\u00f5es de terminologia pr\u00f3prias do cliente no processo de tradu\u00e7\u00e3o.<\/strong> Para n\u00f3s, o cumprimento de prazos e a flexibilidade s\u00e3o t\u00e3o essenciais quanto o <strong>gerenciamento de qualidade confi\u00e1vel e a efic\u00e1cia na gest\u00e3o de projetos.<\/strong> Usamos a norma <strong>DIN EN ISO 17100<\/strong> como padr\u00e3o na execu\u00e7\u00e3o de nossos processos.<\/p>\n\t\t\t\t\t\t\t\t<\/div>\n\t\t\t\t<\/div>\n\t\t\t\t\t<\/div>\n\t\t<\/div>\n\t\t\t\t\t<\/div>\n\t\t<\/section>\n\t\t\t\t\t<\/div>\n\t\t<\/div>\n\t\t\t\t\t<\/div>\n\t\t<\/section>\n\t\t\t\t<section class=\"elementor-section elementor-top-section elementor-element elementor-element-e88d39d elementor-section-boxed elementor-section-height-default elementor-section-height-default\" data-id=\"e88d39d\" data-element_type=\"section\" data-settings=\"{&quot;background_background&quot;:&quot;classic&quot;}\">\n\t\t\t\t\t\t<div class=\"elementor-container elementor-column-gap-default\">\n\t\t\t\t\t<div class=\"elementor-column elementor-col-100 elementor-top-column elementor-element elementor-element-5e7dcfe\" data-id=\"5e7dcfe\" data-element_type=\"column\">\n\t\t\t<div class=\"elementor-widget-wrap elementor-element-populated\">\n\t\t\t\t\t\t<div class=\"elementor-element elementor-element-2d7cf2f elementor-widget elementor-widget-menu-anchor\" data-id=\"2d7cf2f\" data-element_type=\"widget\" data-widget_type=\"menu-anchor.default\">\n\t\t\t\t<div class=\"elementor-widget-container\">\n\t\t\t\t\t\t\t<div class=\"elementor-menu-anchor\" id=\"profil\"><\/div>\n\t\t\t\t\t\t<\/div>\n\t\t\t\t<\/div>\n\t\t\t\t<div class=\"elementor-element elementor-element-9ab24bb elementor-widget elementor-widget-text-editor\" data-id=\"9ab24bb\" data-element_type=\"widget\" data-widget_type=\"text-editor.default\">\n\t\t\t\t<div class=\"elementor-widget-container\">\n\t\t\t\t\t\t\t\t\t<h4>PERFIL<\/h4>\n\t\t\t\t\t\t\t\t<\/div>\n\t\t\t\t<\/div>\n\t\t\t\t\t<\/div>\n\t\t<\/div>\n\t\t\t\t\t<\/div>\n\t\t<\/section>\n\t\t\t\t<section class=\"elementor-section elementor-top-section elementor-element elementor-element-59bac80 elementor-section-boxed elementor-section-height-default elementor-section-height-default\" data-id=\"59bac80\" data-element_type=\"section\" data-settings=\"{&quot;background_background&quot;:&quot;classic&quot;}\">\n\t\t\t\t\t\t<div class=\"elementor-container elementor-column-gap-default\">\n\t\t\t\t\t<div class=\"elementor-column elementor-col-25 elementor-top-column elementor-element elementor-element-d5a19bf\" data-id=\"d5a19bf\" data-element_type=\"column\">\n\t\t\t<div class=\"elementor-widget-wrap elementor-element-populated\">\n\t\t\t\t\t\t<div class=\"elementor-element elementor-element-63f7632 elementor-widget elementor-widget-image\" data-id=\"63f7632\" data-element_type=\"widget\" data-widget_type=\"image.default\">\n\t\t\t\t<div class=\"elementor-widget-container\">\n\t\t\t\t\t\t\t\t\t\t\t\t\t\t\t<img fetchpriority=\"high\" decoding=\"async\" width=\"800\" height=\"818\" src=\"https:\/\/hplusd.de\/wp-content\/uploads\/2023\/04\/Nina-Hoeschle-1001x1024.png\" class=\"attachment-large size-large wp-image-363\" alt=\"\" srcset=\"https:\/\/hplusd.de\/wp-content\/uploads\/2023\/04\/Nina-Hoeschle-1001x1024.png 1001w, https:\/\/hplusd.de\/wp-content\/uploads\/2023\/04\/Nina-Hoeschle-293x300.png 293w, https:\/\/hplusd.de\/wp-content\/uploads\/2023\/04\/Nina-Hoeschle-768x785.png 768w, https:\/\/hplusd.de\/wp-content\/uploads\/2023\/04\/Nina-Hoeschle-1502x1536.png 1502w, https:\/\/hplusd.de\/wp-content\/uploads\/2023\/04\/Nina-Hoeschle.png 1761w\" sizes=\"(max-width: 800px) 100vw, 800px\" \/>\t\t\t\t\t\t\t\t\t\t\t\t\t\t\t<\/div>\n\t\t\t\t<\/div>\n\t\t\t\t<div class=\"elementor-element elementor-element-fa51ca3 elementor-widget elementor-widget-text-editor\" data-id=\"fa51ca3\" data-element_type=\"widget\" data-widget_type=\"text-editor.default\">\n\t\t\t\t<div class=\"elementor-widget-container\">\n\t\t\t\t\t\t\t\t\t<p style=\"text-align: center;\"><strong>Christina H\u00f6schle (CEO)<\/strong><\/br>\nMestrado em Tradu\u00e7\u00e3o <\/br>\nTradutora P\u00fablica Juramentada <\/br>\nAlem\u00e3o, Portugu\u00eas, Franc\u00eas<\/p>\t\t\t\t\t\t\t\t<\/div>\n\t\t\t\t<\/div>\n\t\t\t\t\t<\/div>\n\t\t<\/div>\n\t\t\t\t<div class=\"elementor-column elementor-col-50 elementor-top-column elementor-element elementor-element-969d032\" data-id=\"969d032\" data-element_type=\"column\">\n\t\t\t<div class=\"elementor-widget-wrap elementor-element-populated\">\n\t\t\t\t\t\t<div class=\"elementor-element elementor-element-679a65f elementor-widget elementor-widget-text-editor\" data-id=\"679a65f\" data-element_type=\"widget\" data-widget_type=\"text-editor.default\">\n\t\t\t\t<div class=\"elementor-widget-container\">\n\t\t\t\t\t\t\t\t\t<h5>\u201cReunir-se \u00e9 o come\u00e7o. Ficar juntos \u00e9 um progresso. Trabalhar juntos \u00e9 sucesso\u201d <br \/>&#8211; Henry Ford<\/h5>\n<p>Ap\u00f3s a funda\u00e7\u00e3o de nossa ag\u00eancia no ano de 1996 na cidade de Heidelberg (Alemanha), formamos rapidamente uma grande equipe de colaboradores dedicados, que j\u00e1 h\u00e1 d\u00e9cadas trabalham juntos de maneira altamente confi\u00e1vel e bem-sucedida. Conhecimentos s\u00f3lidos de idiomas e culturas s\u00e3o t\u00e3o decisivos quanto a disposi\u00e7\u00e3o para a comunica\u00e7\u00e3o e a precis\u00e3o no trabalho. <br \/>Nossos tradutores s\u00e3o falantes nativos comprometidos em aplicar sua grande experi\u00eancia lingu\u00edstica, cultural e profissional no trabalho que desempenham para voc\u00ea. <br \/>Toda a nossa equipe \u00e9 formada por graduados universit\u00e1rios que regularmente buscam aprimoramento profissional. Nossa rede multil\u00edngue permite a coordena\u00e7\u00e3o estruturada de projetos de qualquer tamanho.<\/p>\n\t\t\t\t\t\t\t\t<\/div>\n\t\t\t\t<\/div>\n\t\t\t\t\t<\/div>\n\t\t<\/div>\n\t\t\t\t<div class=\"elementor-column elementor-col-25 elementor-top-column elementor-element elementor-element-d8892e0\" data-id=\"d8892e0\" data-element_type=\"column\">\n\t\t\t<div class=\"elementor-widget-wrap elementor-element-populated\">\n\t\t\t\t\t\t<div class=\"elementor-element elementor-element-fc87152 elementor-widget elementor-widget-image\" data-id=\"fc87152\" data-element_type=\"widget\" data-widget_type=\"image.default\">\n\t\t\t\t<div class=\"elementor-widget-container\">\n\t\t\t\t\t\t\t\t\t\t\t\t\t\t\t<img decoding=\"async\" width=\"800\" height=\"797\" src=\"https:\/\/hplusd.de\/wp-content\/uploads\/2023\/04\/Annette-Dirauf-1024x1020.png\" class=\"attachment-large size-large wp-image-365\" alt=\"\" srcset=\"https:\/\/hplusd.de\/wp-content\/uploads\/2023\/04\/Annette-Dirauf-1024x1020.png 1024w, https:\/\/hplusd.de\/wp-content\/uploads\/2023\/04\/Annette-Dirauf-300x300.png 300w, https:\/\/hplusd.de\/wp-content\/uploads\/2023\/04\/Annette-Dirauf-150x150.png 150w, https:\/\/hplusd.de\/wp-content\/uploads\/2023\/04\/Annette-Dirauf-768x765.png 768w, https:\/\/hplusd.de\/wp-content\/uploads\/2023\/04\/Annette-Dirauf-1536x1530.png 1536w, https:\/\/hplusd.de\/wp-content\/uploads\/2023\/04\/Annette-Dirauf.png 1740w\" sizes=\"(max-width: 800px) 100vw, 800px\" \/>\t\t\t\t\t\t\t\t\t\t\t\t\t\t\t<\/div>\n\t\t\t\t<\/div>\n\t\t\t\t<div class=\"elementor-element elementor-element-87017ec elementor-widget elementor-widget-text-editor\" data-id=\"87017ec\" data-element_type=\"widget\" data-widget_type=\"text-editor.default\">\n\t\t\t\t<div class=\"elementor-widget-container\">\n\t\t\t\t\t\t\t\t\t<p style=\"text-align: center;\"><strong>Anette Dirauf (CEO)<\/strong><br \/>Mestrado em Interpreta\u00e7\u00e3o<br \/>Int\u00e9rprete Juramentada<br \/>Alem\u00e3o, Portugu\u00eas, Franc\u00eas<\/p>\n\t\t\t\t\t\t\t\t<\/div>\n\t\t\t\t<\/div>\n\t\t\t\t\t<\/div>\n\t\t<\/div>\n\t\t\t\t\t<\/div>\n\t\t<\/section>\n\t\t\t\t<section class=\"elementor-section elementor-top-section elementor-element elementor-element-cfd1d21 elementor-section-boxed elementor-section-height-default elementor-section-height-default\" data-id=\"cfd1d21\" data-element_type=\"section\" data-settings=\"{&quot;background_background&quot;:&quot;classic&quot;}\">\n\t\t\t\t\t\t<div class=\"elementor-container elementor-column-gap-default\">\n\t\t\t\t\t<div class=\"elementor-column elementor-col-100 elementor-top-column elementor-element elementor-element-e612598\" data-id=\"e612598\" data-element_type=\"column\">\n\t\t\t<div class=\"elementor-widget-wrap elementor-element-populated\">\n\t\t\t\t\t\t<div class=\"elementor-element elementor-element-5a2b1b8 elementor-widget elementor-widget-menu-anchor\" data-id=\"5a2b1b8\" data-element_type=\"widget\" data-widget_type=\"menu-anchor.default\">\n\t\t\t\t<div class=\"elementor-widget-container\">\n\t\t\t\t\t\t\t<div class=\"elementor-menu-anchor\" id=\"kontakt\"><\/div>\n\t\t\t\t\t\t<\/div>\n\t\t\t\t<\/div>\n\t\t\t\t<div class=\"elementor-element elementor-element-3972563 elementor-widget elementor-widget-text-editor\" data-id=\"3972563\" data-element_type=\"widget\" data-widget_type=\"text-editor.default\">\n\t\t\t\t<div class=\"elementor-widget-container\">\n\t\t\t\t\t\t\t\t\t<h4>CONTATO<\/h4>\n\t\t\t\t\t\t\t\t<\/div>\n\t\t\t\t<\/div>\n\t\t\t\t\t<\/div>\n\t\t<\/div>\n\t\t\t\t\t<\/div>\n\t\t<\/section>\n\t\t\t\t<section class=\"elementor-section elementor-top-section elementor-element elementor-element-ce9b77a elementor-section-boxed elementor-section-height-default elementor-section-height-default\" data-id=\"ce9b77a\" data-element_type=\"section\">\n\t\t\t\t\t\t<div class=\"elementor-container elementor-column-gap-default\">\n\t\t\t\t\t<div class=\"elementor-column elementor-col-100 elementor-top-column elementor-element elementor-element-9726b84\" data-id=\"9726b84\" data-element_type=\"column\">\n\t\t\t<div class=\"elementor-widget-wrap elementor-element-populated\">\n\t\t\t\t\t\t<div class=\"elementor-element elementor-element-9f49baf elementor-widget elementor-widget-text-editor\" data-id=\"9f49baf\" data-element_type=\"widget\" data-widget_type=\"text-editor.default\">\n\t\t\t\t<div class=\"elementor-widget-container\">\n\t\t\t\t\t\t\t\t\t<h5>Vamos falar do que faz sentido, do que voc\u00ea e seus clientes precisam para que as informa\u00e7\u00f5es cheguem ao seu destino e a comunica\u00e7\u00e3o seja um sucesso.<\/h5>\n<p>Seria um prazer enviar-lhe um or\u00e7amento! <\/p>\n<p><strong>H\u00f6schle + Dirauf<\/strong><\/p>\n<p>Tradutores e Int\u00e9rpretes<br \/>Partnerschaftsgesellschaft<\/p>\n<p>M\u00e4rzgasse 18<br \/>D-69117 Heidelberg<\/p>\n<p>Telefone: +49_6221_163154<br \/>Email: info@hplusd.de<\/p>\n\t\t\t\t\t\t\t\t<\/div>\n\t\t\t\t<\/div>\n\t\t\t\t\t<\/div>\n\t\t<\/div>\n\t\t\t\t\t<\/div>\n\t\t<\/section>\n\t\t\t\t<section class=\"elementor-section elementor-top-section elementor-element elementor-element-6b928e0 elementor-section-boxed elementor-section-height-default elementor-section-height-default\" data-id=\"6b928e0\" data-element_type=\"section\">\n\t\t\t\t\t\t<div class=\"elementor-container elementor-column-gap-default\">\n\t\t\t\t\t<div class=\"elementor-column elementor-col-100 elementor-top-column elementor-element elementor-element-e34428f\" data-id=\"e34428f\" data-element_type=\"column\">\n\t\t\t<div class=\"elementor-widget-wrap elementor-element-populated\">\n\t\t\t\t\t\t<div class=\"elementor-element elementor-element-121e78c elementor-widget-divider--view-line elementor-widget elementor-widget-divider\" data-id=\"121e78c\" data-element_type=\"widget\" data-widget_type=\"divider.default\">\n\t\t\t\t<div class=\"elementor-widget-container\">\n\t\t\t\t\t\t\t<div class=\"elementor-divider\">\n\t\t\t<span class=\"elementor-divider-separator\">\n\t\t\t\t\t\t<\/span>\n\t\t<\/div>\n\t\t\t\t\t\t<\/div>\n\t\t\t\t<\/div>\n\t\t\t\t\t<\/div>\n\t\t<\/div>\n\t\t\t\t\t<\/div>\n\t\t<\/section>\n\t\t\t\t<\/div>\n\t\t","protected":false},"excerpt":{"rendered":"<p>H\u00f6schle + Dirauf Tradutores e Int\u00e9rpretes Linguagem \u00e9 composta por palavras. As palavras d\u00e3o origem \u00e0 comunica\u00e7\u00e3o. A transfer\u00eancia significativa de palavras e contextos para outros idiomas e culturas \u00e9 nossa compet\u00eancia e nossa paix\u00e3o &#8211; desde a localiza\u00e7\u00e3o de software at\u00e9 a documenta\u00e7\u00e3o t\u00e9cnica e a tradu\u00e7\u00e3o de marketing. Temos um envolvimento especial com [&hellip;]<\/p>\n","protected":false},"author":1,"featured_media":0,"parent":0,"menu_order":0,"comment_status":"closed","ping_status":"closed","template":"","meta":{"footnotes":""},"class_list":["post-366","page","type-page","status-publish","hentry"],"_links":{"self":[{"href":"https:\/\/hplusd.de\/pt-pt\/wp-json\/wp\/v2\/pages\/366","targetHints":{"allow":["GET"]}}],"collection":[{"href":"https:\/\/hplusd.de\/pt-pt\/wp-json\/wp\/v2\/pages"}],"about":[{"href":"https:\/\/hplusd.de\/pt-pt\/wp-json\/wp\/v2\/types\/page"}],"author":[{"embeddable":true,"href":"https:\/\/hplusd.de\/pt-pt\/wp-json\/wp\/v2\/users\/1"}],"replies":[{"embeddable":true,"href":"https:\/\/hplusd.de\/pt-pt\/wp-json\/wp\/v2\/comments?post=366"}],"version-history":[{"count":0,"href":"https:\/\/hplusd.de\/pt-pt\/wp-json\/wp\/v2\/pages\/366\/revisions"}],"wp:attachment":[{"href":"https:\/\/hplusd.de\/pt-pt\/wp-json\/wp\/v2\/media?parent=366"}],"curies":[{"name":"wp","href":"https:\/\/api.w.org\/{rel}","templated":true}]}}