{"id":381,"date":"2023-04-19T16:15:15","date_gmt":"2023-04-19T16:15:15","guid":{"rendered":"https:\/\/hplusd.de\/legal-notice-privacy-data-protection\/"},"modified":"2023-06-19T16:06:59","modified_gmt":"2023-06-19T16:06:59","slug":"legal-notice-privacy-data-protection","status":"publish","type":"page","link":"https:\/\/hplusd.de\/en\/legal-notice-privacy-data-protection\/","title":{"rendered":"LEGAL NOTICE \/ PRIVACY &amp; DATA PROTECTION"},"content":{"rendered":"\t\t<div data-elementor-type=\"wp-page\" data-elementor-id=\"381\" class=\"elementor elementor-381 elementor-3\">\n\t\t\t\t\t\t<section class=\"elementor-section elementor-top-section elementor-element elementor-element-868c28a elementor-section-boxed elementor-section-height-default elementor-section-height-default\" data-id=\"868c28a\" data-element_type=\"section\">\n\t\t\t\t\t\t<div class=\"elementor-container elementor-column-gap-default\">\n\t\t\t\t\t<div class=\"elementor-column elementor-col-100 elementor-top-column elementor-element elementor-element-ae9ef4a\" data-id=\"ae9ef4a\" data-element_type=\"column\">\n\t\t\t<div class=\"elementor-widget-wrap elementor-element-populated\">\n\t\t\t\t\t\t<div class=\"elementor-element elementor-element-5a42f32 elementor-widget elementor-widget-text-editor\" data-id=\"5a42f32\" data-element_type=\"widget\" data-widget_type=\"text-editor.default\">\n\t\t\t\t<div class=\"elementor-widget-container\">\n\t\t\t\t\t\t\t\t\t<h4><a href=\"#\">LEGAL NOTICE \/ PRIVACY &amp; DATA PROTECTION<\/a><\/h4>\n\t\t\t\t\t\t\t\t<\/div>\n\t\t\t\t<\/div>\n\t\t\t\t\t<\/div>\n\t\t<\/div>\n\t\t\t\t\t<\/div>\n\t\t<\/section>\n\t\t\t\t<section class=\"elementor-section elementor-top-section elementor-element elementor-element-8186d36 elementor-section-boxed elementor-section-height-default elementor-section-height-default\" data-id=\"8186d36\" data-element_type=\"section\">\n\t\t\t\t\t\t<div class=\"elementor-container elementor-column-gap-default\">\n\t\t\t\t\t<div class=\"elementor-column elementor-col-100 elementor-top-column elementor-element elementor-element-f912a4a\" data-id=\"f912a4a\" data-element_type=\"column\">\n\t\t\t<div class=\"elementor-widget-wrap elementor-element-populated\">\n\t\t\t\t\t\t<div class=\"elementor-element elementor-element-77ddb8b elementor-widget elementor-widget-text-editor\" data-id=\"77ddb8b\" data-element_type=\"widget\" data-widget_type=\"text-editor.default\">\n\t\t\t\t<div class=\"elementor-widget-container\">\n\t\t\t\t\t\t\t\t\t<p>The responsible individuals pursuant to German data protection laws are:<\/p>\n<p><strong>Anette Dirauf, Christina H\u00f6schle<\/strong><\/p>\n<p>H\u00f6schle + Dirauf, \u00dcbersetzer und Dolmetscher, Partnerschaftsgesellschaft<br \/>M\u00e4rzgasse 18 <br \/>D-69117 Heidelberg<\/p>\n<p>Tel: +49_6221_163154<\/p>\n<p><b>Photography<\/b>: Christian Buck <br \/><b>Web design<\/b>: pixel2point.com<\/p>\n<h5>Recording of general information<\/h5>\n<p>Information of a general nature is recorded automatically when you access our website. This information (contained in server log files) includes the type of web browser, the operating system used, the domain name of your internet service provider and similar data. None of this data enables conclusions to be drawn with regard to your personal identity. This information is required technically in order to deliver the requested web page content correctly and is necessary for use of the Internet. We perform statistical evaluations of anonymous information of this kind as part of our efforts to optimize our Internet presence and the associated technology to support it.<\/p>\n<\/p>\n<h5>Your rights to information, rectification, blocking, deletion and objection<\/h5>\n<p>You have the right to receive information about data we have stored which relates to you personally, as well as the right to rectification, blocking or, apart from data stored which is necessary for business processing, deletion of your personal data. Please contact our data protection officer to accomplish this. The necessary contact information can be found at the bottom of this page.<\/p>\n<p>In order to take blocked data into account at all times, this information must be maintained in a file for blocked data for purposes of checking. You can also request that this information be deleted if there is no statutory requirement of retention. Should such an obligation exist, we will block your data on request.<\/p>\n<p>You can make changes or revoke consent by means of a corresponding message to us with effect for the future.<\/p>\n<\/p>\n<h5>Changes to our data protection and privacy policies<\/h5>\n<p>We reserve the right to adapt this data protection and privacy declaration on occasion so as to comply with current legal requirements or to effect changes of our services in said declaration, for example with the introduction of new services. The new data protection and privacy declaration will then apply to your subsequent visitation of our website.<\/p>\n<\/p>\n<h5>Inquiries to the data protection officer<\/h5>\n<p>If you have questions regarding privacy and data protection issues, please send us an e-mail message or contact our data protection officer directly.<\/p>\n<p>Contact: <a href=\"mailto:info@hplusd.de\">info@hplusd.de<\/a><\/p>\n<\/p>\n<p>This data protection and privacy declaration was produced using the generator software from activeMind AG.<\/p>\n\t\t\t\t\t\t\t\t<\/div>\n\t\t\t\t<\/div>\n\t\t\t\t\t<\/div>\n\t\t<\/div>\n\t\t\t\t\t<\/div>\n\t\t<\/section>\n\t\t\t\t<\/div>\n\t\t","protected":false},"excerpt":{"rendered":"<p>LEGAL NOTICE \/ PRIVACY &amp; DATA PROTECTION The responsible individuals pursuant to German data protection laws are: Anette Dirauf, Christina H\u00f6schle H\u00f6schle + Dirauf, \u00dcbersetzer und Dolmetscher, PartnerschaftsgesellschaftM\u00e4rzgasse 18 D-69117 Heidelberg Tel: +49_6221_163154 Photography: Christian Buck Web design: pixel2point.com Recording of general information Information of a general nature is recorded automatically when you access our [&hellip;]<\/p>\n","protected":false},"author":1,"featured_media":0,"parent":0,"menu_order":0,"comment_status":"closed","ping_status":"open","template":"","meta":{"footnotes":""},"class_list":["post-381","page","type-page","status-publish","hentry"],"_links":{"self":[{"href":"https:\/\/hplusd.de\/en\/wp-json\/wp\/v2\/pages\/381","targetHints":{"allow":["GET"]}}],"collection":[{"href":"https:\/\/hplusd.de\/en\/wp-json\/wp\/v2\/pages"}],"about":[{"href":"https:\/\/hplusd.de\/en\/wp-json\/wp\/v2\/types\/page"}],"author":[{"embeddable":true,"href":"https:\/\/hplusd.de\/en\/wp-json\/wp\/v2\/users\/1"}],"replies":[{"embeddable":true,"href":"https:\/\/hplusd.de\/en\/wp-json\/wp\/v2\/comments?post=381"}],"version-history":[{"count":0,"href":"https:\/\/hplusd.de\/en\/wp-json\/wp\/v2\/pages\/381\/revisions"}],"wp:attachment":[{"href":"https:\/\/hplusd.de\/en\/wp-json\/wp\/v2\/media?parent=381"}],"curies":[{"name":"wp","href":"https:\/\/api.w.org\/{rel}","templated":true}]}}